{"id":7263,"date":"2024-06-15T15:03:07","date_gmt":"2024-06-15T10:03:07","guid":{"rendered":"https:\/\/muuseumikaart.100kingitust.ee\/?page_id=7263"},"modified":"2024-06-15T15:03:34","modified_gmt":"2024-06-15T10:03:34","slug":"%d0%ba%d0%be%d1%80%d0%b7%d0%b8%d0%bd%d0%b0","status":"publish","type":"page","link":"https:\/\/muuseumikaart.100kingitust.ee\/ru\/%d0%ba%d0%be%d1%80%d0%b7%d0%b8%d0%bd%d0%b0\/","title":{"rendered":"\u041a\u041e\u0420\u0417\u0418\u041d\u0410"},"content":{"rendered":"\n","protected":false},"excerpt":{"rendered":"","protected":false},"author":18,"featured_media":0,"parent":0,"menu_order":0,"comment_status":"closed","ping_status":"closed","template":"","meta":{"_acf_changed":false,"footnotes":""},"class_list":["post-7263","page","type-page","status-publish","hentry"],"acf":[],"yoast_head":"<!-- This site is optimized with the Yoast SEO Premium plugin v18.4 (Yoast SEO v26.0) - https:\/\/yoast.com\/wordpress\/plugins\/seo\/ -->\n<title>\u041a\u041e\u0420\u0417\u0418\u041d\u0410 - Museumcard e-store<\/title>\n<meta name=\"description\" content=\"Lennusadama ja Paks Margareeta kingipood. Siit leiad parimad mereteemalised kingitused meres\u00f5brale!\" \/>\n<meta name=\"robots\" content=\"index, follow, max-snippet:-1, max-image-preview:large, max-video-preview:-1\" \/>\n<link rel=\"canonical\" href=\"https:\/\/muuseumikaart.100kingitust.ee\/ru\/%d0%ba%d0%be%d1%80%d0%b7%d0%b8%d0%bd%d0%b0\/\" \/>\n<meta property=\"og:locale\" content=\"ru_RU\" \/>\n<meta property=\"og:type\" content=\"article\" \/>\n<meta property=\"og:title\" content=\"\u041a\u041e\u0420\u0417\u0418\u041d\u0410\" \/>\n<meta property=\"og:description\" content=\"Lennusadama ja Paks Margareeta kingipood. Siit leiad parimad mereteemalised kingitused meres\u00f5brale!\" \/>\n<meta property=\"og:url\" content=\"https:\/\/muuseumikaart.100kingitust.ee\/ru\/%d0%ba%d0%be%d1%80%d0%b7%d0%b8%d0%bd%d0%b0\/\" \/>\n<meta property=\"og:site_name\" content=\"Museumcard e-store\" \/>\n<meta property=\"article:publisher\" content=\"https:\/\/www.facebook.com\/100kingitust\" \/>\n<meta property=\"article:modified_time\" content=\"2024-06-15T10:03:34+00:00\" \/>\n<meta property=\"og:image\" content=\"https:\/\/muuseumikaart.100kingitust.ee\/wp-content\/uploads\/2023\/12\/MK_logo_VERT_RGB.png\" \/>\n\t<meta property=\"og:image:width\" content=\"509\" \/>\n\t<meta property=\"og:image:height\" content=\"634\" \/>\n\t<meta property=\"og:image:type\" content=\"image\/png\" \/>\n<meta name=\"twitter:card\" content=\"summary_large_image\" \/>\n<meta name=\"twitter:label1\" content=\"\u041f\u0440\u0438\u043c\u0435\u0440\u043d\u043e\u0435 \u0432\u0440\u0435\u043c\u044f \u0434\u043b\u044f \u0447\u0442\u0435\u043d\u0438\u044f\" \/>\n\t<meta name=\"twitter:data1\" content=\"1 \u043c\u0438\u043d\u0443\u0442\u0430\" \/>\n<script type=\"application\/ld+json\" class=\"yoast-schema-graph\">{\"@context\":\"https:\/\/schema.org\",\"@graph\":[{\"@type\":\"WebPage\",\"@id\":\"https:\/\/muuseumikaart.100kingitust.ee\/ru\/%d0%ba%d0%be%d1%80%d0%b7%d0%b8%d0%bd%d0%b0\/\",\"url\":\"https:\/\/muuseumikaart.100kingitust.ee\/ru\/%d0%ba%d0%be%d1%80%d0%b7%d0%b8%d0%bd%d0%b0\/\",\"name\":\"\u041a\u041e\u0420\u0417\u0418\u041d\u0410 - Museumcard e-store\",\"isPartOf\":{\"@id\":\"https:\/\/muuseumikaart.100kingitust.ee\/ru\/#website\"},\"datePublished\":\"2024-06-15T10:03:07+00:00\",\"dateModified\":\"2024-06-15T10:03:34+00:00\",\"description\":\"Lennusadama ja Paks Margareeta kingipood. Siit leiad parimad mereteemalised kingitused meres\u00f5brale!\",\"breadcrumb\":{\"@id\":\"https:\/\/muuseumikaart.100kingitust.ee\/ru\/%d0%ba%d0%be%d1%80%d0%b7%d0%b8%d0%bd%d0%b0\/#breadcrumb\"},\"inLanguage\":\"ru-RU\",\"potentialAction\":[{\"@type\":\"ReadAction\",\"target\":[\"https:\/\/muuseumikaart.100kingitust.ee\/ru\/%d0%ba%d0%be%d1%80%d0%b7%d0%b8%d0%bd%d0%b0\/\"]}]},{\"@type\":\"BreadcrumbList\",\"@id\":\"https:\/\/muuseumikaart.100kingitust.ee\/ru\/%d0%ba%d0%be%d1%80%d0%b7%d0%b8%d0%bd%d0%b0\/#breadcrumb\",\"itemListElement\":[{\"@type\":\"ListItem\",\"position\":1,\"name\":\"Esileht\",\"item\":\"https:\/\/muuseumikaart.100kingitust.ee\/ru\/\"},{\"@type\":\"ListItem\",\"position\":2,\"name\":\"\u041a\u041e\u0420\u0417\u0418\u041d\u0410\"}]},{\"@type\":\"WebSite\",\"@id\":\"https:\/\/muuseumikaart.100kingitust.ee\/ru\/#website\",\"url\":\"https:\/\/muuseumikaart.100kingitust.ee\/ru\/\",\"name\":\"Museumcard e-store\",\"description\":\"Muuseumikaart on Eesti muuseumide \u00fchispilet, millega saad aasta jooksul k\u00fclastada piiramatult ja tasuta rohkem kui 100 muuseumi, galeriid ja elamuskeskust \u00fcle Eesti.\",\"publisher\":{\"@id\":\"https:\/\/muuseumikaart.100kingitust.ee\/ru\/#organization\"},\"potentialAction\":[{\"@type\":\"SearchAction\",\"target\":{\"@type\":\"EntryPoint\",\"urlTemplate\":\"https:\/\/muuseumikaart.100kingitust.ee\/ru\/?s={search_term_string}\"},\"query-input\":{\"@type\":\"PropertyValueSpecification\",\"valueRequired\":true,\"valueName\":\"search_term_string\"}}],\"inLanguage\":\"ru-RU\"},{\"@type\":\"Organization\",\"@id\":\"https:\/\/muuseumikaart.100kingitust.ee\/ru\/#organization\",\"name\":\"Meremuuseumi e-pood\",\"url\":\"https:\/\/muuseumikaart.100kingitust.ee\/ru\/\",\"logo\":{\"@type\":\"ImageObject\",\"inLanguage\":\"ru-RU\",\"@id\":\"https:\/\/muuseumikaart.100kingitust.ee\/ru\/#\/schema\/logo\/image\/\",\"url\":\"https:\/\/muuseumikaart.100kingitust.ee\/wp-content\/uploads\/2023\/12\/MK_logo_VERT_RGB.png\",\"contentUrl\":\"https:\/\/muuseumikaart.100kingitust.ee\/wp-content\/uploads\/2023\/12\/MK_logo_VERT_RGB.png\",\"width\":509,\"height\":634,\"caption\":\"Meremuuseumi e-pood\"},\"image\":{\"@id\":\"https:\/\/muuseumikaart.100kingitust.ee\/ru\/#\/schema\/logo\/image\/\"},\"sameAs\":[\"https:\/\/www.facebook.com\/100kingitust\"]}]}<\/script>\n<!-- \/ Yoast SEO Premium plugin. -->","yoast_head_json":{"title":"\u041a\u041e\u0420\u0417\u0418\u041d\u0410 - Museumcard e-store","description":"Lennusadama ja Paks Margareeta kingipood. Siit leiad parimad mereteemalised kingitused meres\u00f5brale!","robots":{"index":"index","follow":"follow","max-snippet":"max-snippet:-1","max-image-preview":"max-image-preview:large","max-video-preview":"max-video-preview:-1"},"canonical":"https:\/\/muuseumikaart.100kingitust.ee\/ru\/%d0%ba%d0%be%d1%80%d0%b7%d0%b8%d0%bd%d0%b0\/","og_locale":"ru_RU","og_type":"article","og_title":"\u041a\u041e\u0420\u0417\u0418\u041d\u0410","og_description":"Lennusadama ja Paks Margareeta kingipood. Siit leiad parimad mereteemalised kingitused meres\u00f5brale!","og_url":"https:\/\/muuseumikaart.100kingitust.ee\/ru\/%d0%ba%d0%be%d1%80%d0%b7%d0%b8%d0%bd%d0%b0\/","og_site_name":"Museumcard e-store","article_publisher":"https:\/\/www.facebook.com\/100kingitust","article_modified_time":"2024-06-15T10:03:34+00:00","og_image":[{"width":509,"height":634,"url":"https:\/\/muuseumikaart.100kingitust.ee\/wp-content\/uploads\/2023\/12\/MK_logo_VERT_RGB.png","type":"image\/png"}],"twitter_card":"summary_large_image","twitter_misc":{"\u041f\u0440\u0438\u043c\u0435\u0440\u043d\u043e\u0435 \u0432\u0440\u0435\u043c\u044f \u0434\u043b\u044f \u0447\u0442\u0435\u043d\u0438\u044f":"1 \u043c\u0438\u043d\u0443\u0442\u0430"},"schema":{"@context":"https:\/\/schema.org","@graph":[{"@type":"WebPage","@id":"https:\/\/muuseumikaart.100kingitust.ee\/ru\/%d0%ba%d0%be%d1%80%d0%b7%d0%b8%d0%bd%d0%b0\/","url":"https:\/\/muuseumikaart.100kingitust.ee\/ru\/%d0%ba%d0%be%d1%80%d0%b7%d0%b8%d0%bd%d0%b0\/","name":"\u041a\u041e\u0420\u0417\u0418\u041d\u0410 - Museumcard e-store","isPartOf":{"@id":"https:\/\/muuseumikaart.100kingitust.ee\/ru\/#website"},"datePublished":"2024-06-15T10:03:07+00:00","dateModified":"2024-06-15T10:03:34+00:00","description":"Lennusadama ja Paks Margareeta kingipood. Siit leiad parimad mereteemalised kingitused meres\u00f5brale!","breadcrumb":{"@id":"https:\/\/muuseumikaart.100kingitust.ee\/ru\/%d0%ba%d0%be%d1%80%d0%b7%d0%b8%d0%bd%d0%b0\/#breadcrumb"},"inLanguage":"ru-RU","potentialAction":[{"@type":"ReadAction","target":["https:\/\/muuseumikaart.100kingitust.ee\/ru\/%d0%ba%d0%be%d1%80%d0%b7%d0%b8%d0%bd%d0%b0\/"]}]},{"@type":"BreadcrumbList","@id":"https:\/\/muuseumikaart.100kingitust.ee\/ru\/%d0%ba%d0%be%d1%80%d0%b7%d0%b8%d0%bd%d0%b0\/#breadcrumb","itemListElement":[{"@type":"ListItem","position":1,"name":"Esileht","item":"https:\/\/muuseumikaart.100kingitust.ee\/ru\/"},{"@type":"ListItem","position":2,"name":"\u041a\u041e\u0420\u0417\u0418\u041d\u0410"}]},{"@type":"WebSite","@id":"https:\/\/muuseumikaart.100kingitust.ee\/ru\/#website","url":"https:\/\/muuseumikaart.100kingitust.ee\/ru\/","name":"Museumcard e-store","description":"Muuseumikaart on Eesti muuseumide \u00fchispilet, millega saad aasta jooksul k\u00fclastada piiramatult ja tasuta rohkem kui 100 muuseumi, galeriid ja elamuskeskust \u00fcle Eesti.","publisher":{"@id":"https:\/\/muuseumikaart.100kingitust.ee\/ru\/#organization"},"potentialAction":[{"@type":"SearchAction","target":{"@type":"EntryPoint","urlTemplate":"https:\/\/muuseumikaart.100kingitust.ee\/ru\/?s={search_term_string}"},"query-input":{"@type":"PropertyValueSpecification","valueRequired":true,"valueName":"search_term_string"}}],"inLanguage":"ru-RU"},{"@type":"Organization","@id":"https:\/\/muuseumikaart.100kingitust.ee\/ru\/#organization","name":"Meremuuseumi e-pood","url":"https:\/\/muuseumikaart.100kingitust.ee\/ru\/","logo":{"@type":"ImageObject","inLanguage":"ru-RU","@id":"https:\/\/muuseumikaart.100kingitust.ee\/ru\/#\/schema\/logo\/image\/","url":"https:\/\/muuseumikaart.100kingitust.ee\/wp-content\/uploads\/2023\/12\/MK_logo_VERT_RGB.png","contentUrl":"https:\/\/muuseumikaart.100kingitust.ee\/wp-content\/uploads\/2023\/12\/MK_logo_VERT_RGB.png","width":509,"height":634,"caption":"Meremuuseumi e-pood"},"image":{"@id":"https:\/\/muuseumikaart.100kingitust.ee\/ru\/#\/schema\/logo\/image\/"},"sameAs":["https:\/\/www.facebook.com\/100kingitust"]}]}},"_links":{"self":[{"href":"https:\/\/muuseumikaart.100kingitust.ee\/ru\/wp-json\/wp\/v2\/pages\/7263","targetHints":{"allow":["GET"]}}],"collection":[{"href":"https:\/\/muuseumikaart.100kingitust.ee\/ru\/wp-json\/wp\/v2\/pages"}],"about":[{"href":"https:\/\/muuseumikaart.100kingitust.ee\/ru\/wp-json\/wp\/v2\/types\/page"}],"author":[{"embeddable":true,"href":"https:\/\/muuseumikaart.100kingitust.ee\/ru\/wp-json\/wp\/v2\/users\/18"}],"replies":[{"embeddable":true,"href":"https:\/\/muuseumikaart.100kingitust.ee\/ru\/wp-json\/wp\/v2\/comments?post=7263"}],"version-history":[{"count":2,"href":"https:\/\/muuseumikaart.100kingitust.ee\/ru\/wp-json\/wp\/v2\/pages\/7263\/revisions"}],"predecessor-version":[{"id":7265,"href":"https:\/\/muuseumikaart.100kingitust.ee\/ru\/wp-json\/wp\/v2\/pages\/7263\/revisions\/7265"}],"wp:attachment":[{"href":"https:\/\/muuseumikaart.100kingitust.ee\/ru\/wp-json\/wp\/v2\/media?parent=7263"}],"curies":[{"name":"wp","href":"https:\/\/api.w.org\/{rel}","templated":true}]}}